{"id":24,"date":"2026-01-26T23:17:11","date_gmt":"2026-01-26T23:17:11","guid":{"rendered":"http:\/\/www.pctfm.pl\/?page_id=24"},"modified":"2026-02-04T21:37:09","modified_gmt":"2026-02-04T21:37:09","slug":"aktualnosci","status":"publish","type":"page","link":"https:\/\/www.pctfm.pl\/index.php\/aktualnosci\/","title":{"rendered":"Aktualno\u015bci"},"content":{"rendered":"\n<figure class=\"wp-block-image size-large is-resized\"><img loading=\"lazy\" decoding=\"async\" width=\"1024\" height=\"146\" src=\"https:\/\/www.pctfm.pl\/wp-content\/uploads\/2026\/02\/PCT_BANER-1024x146.png\" alt=\"\" class=\"wp-image-113\" style=\"aspect-ratio:7.014435879467414;width:512px;height:auto\" srcset=\"https:\/\/www.pctfm.pl\/wp-content\/uploads\/2026\/02\/PCT_BANER-1024x146.png 1024w, https:\/\/www.pctfm.pl\/wp-content\/uploads\/2026\/02\/PCT_BANER-300x43.png 300w, https:\/\/www.pctfm.pl\/wp-content\/uploads\/2026\/02\/PCT_BANER-768x109.png 768w, https:\/\/www.pctfm.pl\/wp-content\/uploads\/2026\/02\/PCT_BANER-1536x218.png 1536w, https:\/\/www.pctfm.pl\/wp-content\/uploads\/2026\/02\/PCT_BANER-2048x291.png 2048w\" sizes=\"auto, (max-width: 1024px) 100vw, 1024px\" \/><\/figure>\n\n\n\n<p>Dane rejestrowe sp\u00f3\u0142ki<br>PCT POWER CONNECT TECH Sp. z o.o.<br>05-270 MARKI<br>Numer KRS: 0001221588<br>NIP: 1251802418<br>REGON: 543893150<br>Kapita\u0142 Zak\u0142adowy: 20.000 z\u0142 w ca\u0142o\u015bci wp\u0142acony<br><br><\/p>\n\n\n\n<p><br><\/p>\n","protected":false},"excerpt":{"rendered":"<p>Dane rejestrowe sp\u00f3\u0142kiPCT POWER CONNECT TECH Sp. z o.o.05-270 MARKINumer KRS: 0001221588NIP: 1251802418REGON: 543893150Kapita\u0142 Zak\u0142adowy: 20.000 z\u0142 w ca\u0142o\u015bci wp\u0142acony<\/p>\n","protected":false},"author":1,"featured_media":0,"parent":0,"menu_order":0,"comment_status":"closed","ping_status":"closed","template":"","meta":{"footnotes":""},"class_list":["post-24","page","type-page","status-publish","hentry"],"_links":{"self":[{"href":"https:\/\/www.pctfm.pl\/index.php\/wp-json\/wp\/v2\/pages\/24","targetHints":{"allow":["GET"]}}],"collection":[{"href":"https:\/\/www.pctfm.pl\/index.php\/wp-json\/wp\/v2\/pages"}],"about":[{"href":"https:\/\/www.pctfm.pl\/index.php\/wp-json\/wp\/v2\/types\/page"}],"author":[{"embeddable":true,"href":"https:\/\/www.pctfm.pl\/index.php\/wp-json\/wp\/v2\/users\/1"}],"replies":[{"embeddable":true,"href":"https:\/\/www.pctfm.pl\/index.php\/wp-json\/wp\/v2\/comments?post=24"}],"version-history":[{"count":2,"href":"https:\/\/www.pctfm.pl\/index.php\/wp-json\/wp\/v2\/pages\/24\/revisions"}],"predecessor-version":[{"id":127,"href":"https:\/\/www.pctfm.pl\/index.php\/wp-json\/wp\/v2\/pages\/24\/revisions\/127"}],"wp:attachment":[{"href":"https:\/\/www.pctfm.pl\/index.php\/wp-json\/wp\/v2\/media?parent=24"}],"curies":[{"name":"wp","href":"https:\/\/api.w.org\/{rel}","templated":true}]}}