{"id":36,"date":"2026-01-26T23:21:18","date_gmt":"2026-01-26T23:21:18","guid":{"rendered":"http:\/\/www.pctfm.pl\/?page_id=36"},"modified":"2026-02-04T21:33:49","modified_gmt":"2026-02-04T21:33:49","slug":"o-nas","status":"publish","type":"page","link":"https:\/\/www.pctfm.pl\/index.php\/o-nas\/","title":{"rendered":"O nas"},"content":{"rendered":"\n<p>Koncentrujemy si\u0119 na dostarczaniu projekt\u00f3w w bud\u017cecie, jako\u015bci i terminie. <br>Dzi\u0119ki do\u015bwiadczeniu w zarz\u0105dzeniu projektami na wielu poziomach wiemy jak poprowadzi\u0107 ka\u017cdy projekt w odpowiednim kierunku. <\/p>\n\n\n\n<p>Je\u015bli nie wiemy? Nasz wsp\u00f3\u0142praca z wieloma Partnerami pozwala na wsp\u00f3lne rozwi\u0105zanie problemu. <\/p>\n\n\n\n<p>Naszym celem jest<\/p>\n\n\n\n<ul class=\"wp-block-list\">\n<li>Dostarczenie produktu w jak najlepszej jako\u015bci spe\u0142niaj\u0105c oczekiwania ka\u017cdego Klienta<\/li>\n\n\n\n<li>Wdro\u017cenie wed\u0142ug harmonogramu<\/li>\n\n\n\n<li>Przygotowanie projekt\u00f3w w spos\u00f3b czytelny dla Klienta jak r\u00f3wnie\u017c dla Wykonawcy<\/li>\n\n\n\n<li>Realizacje instalacji czy wykonania prac oko\u0142o instalacyjnych w taki spos\u00f3b aby zapewni\u0107 ci\u0105g\u0142o\u015b\u0107 biznesow\u0105 bez \u017cadnych zak\u0142\u00f3ce\u0144<\/li>\n\n\n\n<li>Odpowiedzialnie podchodzimy do biznesu tak aby finanse Klienta oraz naszej firmy umo\u017cliwia\u0142y stabilno\u015b\u0107 dla pracownik\u00f3w, ich wyposa\u017cenia oraz dynamicznego rozwoju<\/li>\n\n\n\n<li>Odpowiedzialni spo\u0142ecznie za naszych pracownik\u00f3w oraz \u015brodowisko naturalne. <\/li>\n\n\n\n<li>Kultura pracy jest nasz\u0105 domen\u0105 &#8211; Ka\u017cdy nasz pracownik powie Ci Dzie\u0144 dobry! \ud83d\ude42 <\/li>\n<\/ul>\n","protected":false},"excerpt":{"rendered":"<p>Koncentrujemy si\u0119 na dostarczaniu projekt\u00f3w w bud\u017cecie, jako\u015bci i terminie. Dzi\u0119ki do\u015bwiadczeniu w zarz\u0105dzeniu projektami na wielu poziomach wiemy jak poprowadzi\u0107 ka\u017cdy projekt w odpowiednim kierunku. Je\u015bli nie wiemy? Nasz wsp\u00f3\u0142praca z wieloma Partnerami pozwala na wsp\u00f3lne rozwi\u0105zanie problemu. Naszym celem jest<\/p>\n","protected":false},"author":1,"featured_media":0,"parent":0,"menu_order":0,"comment_status":"closed","ping_status":"closed","template":"","meta":{"footnotes":""},"class_list":["post-36","page","type-page","status-publish","hentry"],"_links":{"self":[{"href":"https:\/\/www.pctfm.pl\/index.php\/wp-json\/wp\/v2\/pages\/36","targetHints":{"allow":["GET"]}}],"collection":[{"href":"https:\/\/www.pctfm.pl\/index.php\/wp-json\/wp\/v2\/pages"}],"about":[{"href":"https:\/\/www.pctfm.pl\/index.php\/wp-json\/wp\/v2\/types\/page"}],"author":[{"embeddable":true,"href":"https:\/\/www.pctfm.pl\/index.php\/wp-json\/wp\/v2\/users\/1"}],"replies":[{"embeddable":true,"href":"https:\/\/www.pctfm.pl\/index.php\/wp-json\/wp\/v2\/comments?post=36"}],"version-history":[{"count":2,"href":"https:\/\/www.pctfm.pl\/index.php\/wp-json\/wp\/v2\/pages\/36\/revisions"}],"predecessor-version":[{"id":125,"href":"https:\/\/www.pctfm.pl\/index.php\/wp-json\/wp\/v2\/pages\/36\/revisions\/125"}],"wp:attachment":[{"href":"https:\/\/www.pctfm.pl\/index.php\/wp-json\/wp\/v2\/media?parent=36"}],"curies":[{"name":"wp","href":"https:\/\/api.w.org\/{rel}","templated":true}]}}